{"id":132,"date":"2025-09-20T22:47:26","date_gmt":"2025-09-20T20:47:26","guid":{"rendered":"http:\/\/www.maisondesfamilles-limousin.fr\/?page_id=132"},"modified":"2025-09-21T17:05:58","modified_gmt":"2025-09-21T15:05:58","slug":"mediation-familiale","status":"publish","type":"page","link":"https:\/\/www.maisondesfamilles-limousin.fr\/index.php\/mediation-familiale\/","title":{"rendered":"M\u00e9diation familiale"},"content":{"rendered":"\n<div class=\"wp-block-media-text is-stacked-on-mobile\"><figure class=\"wp-block-media-text__media\"><img loading=\"lazy\" decoding=\"async\" width=\"1024\" height=\"683\" src=\"https:\/\/www.maisondesfamilles-limousin.fr\/wp-content\/uploads\/2025\/09\/Mediation-familiale-1-1024x683.jpg\" alt=\"\" class=\"wp-image-134 size-full\" srcset=\"https:\/\/www.maisondesfamilles-limousin.fr\/wp-content\/uploads\/2025\/09\/Mediation-familiale-1-1024x683.jpg 1024w, https:\/\/www.maisondesfamilles-limousin.fr\/wp-content\/uploads\/2025\/09\/Mediation-familiale-1-300x200.jpg 300w, https:\/\/www.maisondesfamilles-limousin.fr\/wp-content\/uploads\/2025\/09\/Mediation-familiale-1-768x512.jpg 768w, https:\/\/www.maisondesfamilles-limousin.fr\/wp-content\/uploads\/2025\/09\/Mediation-familiale-1-1536x1024.jpg 1536w, https:\/\/www.maisondesfamilles-limousin.fr\/wp-content\/uploads\/2025\/09\/Mediation-familiale-1-2048x1365.jpg 2048w\" sizes=\"auto, (max-width: 1024px) 100vw, 1024px\" \/><\/figure><div class=\"wp-block-media-text__content\">\n<p><strong>Un espace pour dialoguer et pr\u00e9server les liens familiaux<\/strong><\/p>\n\n\n\n<p class=\"has-text-align-center\">La Maison des Familles propose un accompagnement en m\u00e9diation familiale pour aider les personnes confront\u00e9es \u00e0 des conflits ou des ruptures \u00e0 renouer le dialogue et \u00e0 construire des solutions respectueuses des besoins de chacun, notamment ceux des enfants.<\/p>\n<\/div><\/div>\n\n\n\n<p><strong>\u00c0 qui s\u2019adresse la m\u00e9diation familiale\u202f?<\/strong><br>La m\u00e9diation familiale accompagne toute personne confront\u00e9e \u00e0 une situation de conflit ou de rupture\u202f:<\/p>\n\n\n\n<ul class=\"wp-block-list\">\n<li>Parents en situation de s\u00e9paration ou de divorce,<\/li>\n\n\n\n<li>Grands-parents souhaitant maintenir des liens avec leurs petits-enfants,<\/li>\n\n\n\n<li>Personnes d\u00e9sirant garder des liens avec les enfants de leur ex-conjoint,<\/li>\n\n\n\n<li>Jeunes adultes en rupture de communication avec leur famille.<\/li>\n<\/ul>\n\n\n\n<p><strong>Pourquoi consulter\u202f?<\/strong><br>La m\u00e9diation familiale permet de\u202f:<\/p>\n\n\n\n<ul class=\"wp-block-list\">\n<li>Prendre le temps de dialoguer dans un espace neutre,<\/li>\n\n\n\n<li>Clarifier les situations et les attentes de chacun,<\/li>\n\n\n\n<li>\u00c9laborer ensemble des solutions concr\u00e8tes et durables,<\/li>\n\n\n\n<li>Pr\u00e9server ou restaurer les liens familiaux.<\/li>\n<\/ul>\n\n\n\n<p><strong>Comment \u00e7a se passe\u202f?<\/strong><br>Accompagn\u00e9s par un m\u00e9diateur professionnel, les participants sont invit\u00e9s \u00e0 s\u2019exprimer, \u00e0 \u00e9couter et \u00e0 chercher ensemble des solutions concr\u00e8tes, dans un cadre neutre, confidentiel et bienveillant.<\/p>\n\n\n\n<p><strong>La m\u00e9diation familiale est une d\u00e9marche volontaire pour restaurer le dialogue, pr\u00e9server les liens et avancer ensemble.<\/strong><\/p>\n","protected":false},"excerpt":{"rendered":"<p>Un espace pour dialoguer et pr\u00e9server les liens familiaux La Maison des Familles propose un accompagnement en m\u00e9diation familiale pour aider les personnes confront\u00e9es \u00e0 des conflits ou des ruptures [&hellip;]<\/p>\n","protected":false},"author":1,"featured_media":0,"parent":0,"menu_order":0,"comment_status":"closed","ping_status":"closed","template":"","meta":{"_price":"","_stock":"","_tribe_ticket_header":"","_tribe_default_ticket_provider":"","_tribe_ticket_capacity":"0","_ticket_start_date":"","_ticket_end_date":"","_tribe_ticket_show_description":"","_tribe_ticket_show_not_going":false,"_tribe_ticket_use_global_stock":"","_tribe_ticket_global_stock_level":"","_global_stock_mode":"","_global_stock_cap":"","_tribe_rsvp_for_event":"","_tribe_ticket_going_count":"","_tribe_ticket_not_going_count":"","_tribe_tickets_list":"[]","_tribe_ticket_has_attendee_info_fields":false,"footnotes":""},"class_list":["post-132","page","type-page","status-publish","czr-hentry"],"_links":{"self":[{"href":"https:\/\/www.maisondesfamilles-limousin.fr\/index.php\/wp-json\/wp\/v2\/pages\/132","targetHints":{"allow":["GET"]}}],"collection":[{"href":"https:\/\/www.maisondesfamilles-limousin.fr\/index.php\/wp-json\/wp\/v2\/pages"}],"about":[{"href":"https:\/\/www.maisondesfamilles-limousin.fr\/index.php\/wp-json\/wp\/v2\/types\/page"}],"author":[{"embeddable":true,"href":"https:\/\/www.maisondesfamilles-limousin.fr\/index.php\/wp-json\/wp\/v2\/users\/1"}],"replies":[{"embeddable":true,"href":"https:\/\/www.maisondesfamilles-limousin.fr\/index.php\/wp-json\/wp\/v2\/comments?post=132"}],"version-history":[{"count":3,"href":"https:\/\/www.maisondesfamilles-limousin.fr\/index.php\/wp-json\/wp\/v2\/pages\/132\/revisions"}],"predecessor-version":[{"id":176,"href":"https:\/\/www.maisondesfamilles-limousin.fr\/index.php\/wp-json\/wp\/v2\/pages\/132\/revisions\/176"}],"wp:attachment":[{"href":"https:\/\/www.maisondesfamilles-limousin.fr\/index.php\/wp-json\/wp\/v2\/media?parent=132"}],"curies":[{"name":"wp","href":"https:\/\/api.w.org\/{rel}","templated":true}]}}