{"id":137,"date":"2025-09-20T22:49:41","date_gmt":"2025-09-20T20:49:41","guid":{"rendered":"http:\/\/www.maisondesfamilles-limousin.fr\/?page_id=137"},"modified":"2025-09-21T09:42:08","modified_gmt":"2025-09-21T07:42:08","slug":"ecoute-et-orientation-psychologique","status":"publish","type":"page","link":"https:\/\/www.maisondesfamilles-limousin.fr\/index.php\/ecoute-et-orientation-psychologique\/","title":{"rendered":"Ecoute et orientation psychologique"},"content":{"rendered":"\n<div class=\"wp-block-media-text is-stacked-on-mobile\"><figure class=\"wp-block-media-text__media\"><img loading=\"lazy\" decoding=\"async\" width=\"1024\" height=\"683\" src=\"https:\/\/www.maisondesfamilles-limousin.fr\/wp-content\/uploads\/2025\/09\/Soutien-psychologique-1024x683.jpg\" alt=\"\" class=\"wp-image-138 size-full\" srcset=\"https:\/\/www.maisondesfamilles-limousin.fr\/wp-content\/uploads\/2025\/09\/Soutien-psychologique-1024x683.jpg 1024w, https:\/\/www.maisondesfamilles-limousin.fr\/wp-content\/uploads\/2025\/09\/Soutien-psychologique-300x200.jpg 300w, https:\/\/www.maisondesfamilles-limousin.fr\/wp-content\/uploads\/2025\/09\/Soutien-psychologique-768x512.jpg 768w, https:\/\/www.maisondesfamilles-limousin.fr\/wp-content\/uploads\/2025\/09\/Soutien-psychologique-1536x1024.jpg 1536w, https:\/\/www.maisondesfamilles-limousin.fr\/wp-content\/uploads\/2025\/09\/Soutien-psychologique-2048x1365.jpg 2048w\" sizes=\"auto, (max-width: 1024px) 100vw, 1024px\" \/><\/figure><div class=\"wp-block-media-text__content\">\n<p class=\"has-text-align-center\"><strong>Un espace d\u2019\u00e9coute pour mieux s\u2019orienter<\/strong><\/p>\n\n\n\n<p class=\"has-text-align-center\">Au sein de la Maison des Familles, des b\u00e9n\u00e9voles dipl\u00f4m\u00e9s en mati\u00e8re psychologique vous accueillent dans un cadre bienveillant et confidentiel.<br>Ils offrent un temps d\u2019\u00e9coute et de discernement, afin de vous aider \u00e0 clarifier votre situation et \u00e0 identifier vos besoins.<\/p>\n<\/div><\/div>\n\n\n\n<p><strong>Pourquoi consulter\u202f?<\/strong><br>Vous ressentez le besoin de parler, d\u2019\u00eatre entendu(e) ou de faire le point sur une difficult\u00e9\u202f?<br>Les b\u00e9n\u00e9voles sont l\u00e0 pour vous accompagner, et, si n\u00e9cessaire, vous orienter vers un professionnel qualifi\u00e9 adapt\u00e9 \u00e0 votre situation.<\/p>\n\n\n\n<p><strong>Comment \u00e7a se passe\u202f?<\/strong><br>Lors d\u2019un entretien, vous b\u00e9n\u00e9ficiez d\u2019une \u00e9coute attentive et respectueuse.<br>En fonction de vos besoins, une orientation vers un psychologue ou un autre professionnel en activit\u00e9 pourra vous \u00eatre propos\u00e9e.<\/p>\n\n\n\n<p><strong>N\u2019h\u00e9sitez pas \u00e0 franchir le pas\u202f: un premier \u00e9change peut d\u00e9j\u00e0 faire la diff\u00e9rence.<\/strong><\/p>\n","protected":false},"excerpt":{"rendered":"<p>Un espace d\u2019\u00e9coute pour mieux s\u2019orienter Au sein de la Maison des Familles, des b\u00e9n\u00e9voles dipl\u00f4m\u00e9s en mati\u00e8re psychologique vous accueillent dans un cadre bienveillant et confidentiel.Ils offrent un temps [&hellip;]<\/p>\n","protected":false},"author":1,"featured_media":0,"parent":0,"menu_order":0,"comment_status":"closed","ping_status":"closed","template":"","meta":{"_price":"","_stock":"","_tribe_ticket_header":"","_tribe_default_ticket_provider":"","_tribe_ticket_capacity":"0","_ticket_start_date":"","_ticket_end_date":"","_tribe_ticket_show_description":"","_tribe_ticket_show_not_going":false,"_tribe_ticket_use_global_stock":"","_tribe_ticket_global_stock_level":"","_global_stock_mode":"","_global_stock_cap":"","_tribe_rsvp_for_event":"","_tribe_ticket_going_count":"","_tribe_ticket_not_going_count":"","_tribe_tickets_list":"[]","_tribe_ticket_has_attendee_info_fields":false,"footnotes":""},"class_list":["post-137","page","type-page","status-publish","czr-hentry"],"_links":{"self":[{"href":"https:\/\/www.maisondesfamilles-limousin.fr\/index.php\/wp-json\/wp\/v2\/pages\/137","targetHints":{"allow":["GET"]}}],"collection":[{"href":"https:\/\/www.maisondesfamilles-limousin.fr\/index.php\/wp-json\/wp\/v2\/pages"}],"about":[{"href":"https:\/\/www.maisondesfamilles-limousin.fr\/index.php\/wp-json\/wp\/v2\/types\/page"}],"author":[{"embeddable":true,"href":"https:\/\/www.maisondesfamilles-limousin.fr\/index.php\/wp-json\/wp\/v2\/users\/1"}],"replies":[{"embeddable":true,"href":"https:\/\/www.maisondesfamilles-limousin.fr\/index.php\/wp-json\/wp\/v2\/comments?post=137"}],"version-history":[{"count":2,"href":"https:\/\/www.maisondesfamilles-limousin.fr\/index.php\/wp-json\/wp\/v2\/pages\/137\/revisions"}],"predecessor-version":[{"id":165,"href":"https:\/\/www.maisondesfamilles-limousin.fr\/index.php\/wp-json\/wp\/v2\/pages\/137\/revisions\/165"}],"wp:attachment":[{"href":"https:\/\/www.maisondesfamilles-limousin.fr\/index.php\/wp-json\/wp\/v2\/media?parent=137"}],"curies":[{"name":"wp","href":"https:\/\/api.w.org\/{rel}","templated":true}]}}