{"id":141,"date":"2025-09-20T22:57:23","date_gmt":"2025-09-20T20:57:23","guid":{"rendered":"http:\/\/www.maisondesfamilles-limousin.fr\/?page_id=141"},"modified":"2025-09-21T09:43:53","modified_gmt":"2025-09-21T07:43:53","slug":"soutien-dans-les-situations-medicales-complexes","status":"publish","type":"page","link":"https:\/\/www.maisondesfamilles-limousin.fr\/index.php\/soutien-dans-les-situations-medicales-complexes\/","title":{"rendered":"Soutien dans les situations m\u00e9dicales complexes"},"content":{"rendered":"\n<div class=\"wp-block-media-text is-stacked-on-mobile\"><figure class=\"wp-block-media-text__media\"><img loading=\"lazy\" decoding=\"async\" width=\"1024\" height=\"683\" src=\"https:\/\/www.maisondesfamilles-limousin.fr\/wp-content\/uploads\/2025\/09\/Situations-medicales-complexes-1024x683.jpg\" alt=\"\" class=\"wp-image-142 size-full\" srcset=\"https:\/\/www.maisondesfamilles-limousin.fr\/wp-content\/uploads\/2025\/09\/Situations-medicales-complexes-1024x683.jpg 1024w, https:\/\/www.maisondesfamilles-limousin.fr\/wp-content\/uploads\/2025\/09\/Situations-medicales-complexes-300x200.jpg 300w, https:\/\/www.maisondesfamilles-limousin.fr\/wp-content\/uploads\/2025\/09\/Situations-medicales-complexes-768x512.jpg 768w, https:\/\/www.maisondesfamilles-limousin.fr\/wp-content\/uploads\/2025\/09\/Situations-medicales-complexes-1536x1024.jpg 1536w\" sizes=\"auto, (max-width: 1024px) 100vw, 1024px\" \/><\/figure><div class=\"wp-block-media-text__content\">\n<p class=\"has-text-align-center\"><strong>Un accompagnement d\u00e9di\u00e9 pour les situations m\u00e9dicales particuli\u00e8res<\/strong><\/p>\n\n\n\n<p class=\"has-text-align-center\">Au sein de la Maison des Familles, des m\u00e9decins b\u00e9n\u00e9voles sont pr\u00e9sents pour offrir un espace d\u2019\u00e9coute, de soutien et d\u2019orientation aux personnes confront\u00e9es \u00e0 des situations m\u00e9dicales complexes n\u00e9cessitant un suivi ou une prise en charge sp\u00e9cifique.<\/p>\n<\/div><\/div>\n\n\n\n<p><strong>Pourquoi consulter\u202f?<\/strong><br>Vous ou un membre de votre famille traversez une p\u00e9riode difficile sur le plan m\u00e9dical\u202f?<br>Nos m\u00e9decins b\u00e9n\u00e9voles vous accueillent pour\u202f:<\/p>\n\n\n\n<ul class=\"wp-block-list\">\n<li>\u00c9couter et comprendre votre situation,<\/li>\n\n\n\n<li>Vous soutenir dans vos d\u00e9marches,<\/li>\n\n\n\n<li>Vous orienter, si besoin, vers les professionnels ou structures adapt\u00e9s \u00e0 votre situation.<\/li>\n<\/ul>\n\n\n\n<p><strong>Comment \u00e7a se passe\u202f?<\/strong><br>Dans un cadre confidentiel et bienveillant, vous pouvez \u00e9changer avec un m\u00e9decin b\u00e9n\u00e9vole, poser vos questions et b\u00e9n\u00e9ficier d\u2019un accompagnement personnalis\u00e9, en toute confiance.<\/p>\n\n\n\n<p><strong>N\u2019h\u00e9sitez pas \u00e0 solliciter ce soutien\u202f: un accompagnement adapt\u00e9 peut faire la diff\u00e9rence dans les moments difficiles.<\/strong><\/p>\n","protected":false},"excerpt":{"rendered":"<p>Un accompagnement d\u00e9di\u00e9 pour les situations m\u00e9dicales particuli\u00e8res Au sein de la Maison des Familles, des m\u00e9decins b\u00e9n\u00e9voles sont pr\u00e9sents pour offrir un espace d\u2019\u00e9coute, de soutien et d\u2019orientation aux [&hellip;]<\/p>\n","protected":false},"author":1,"featured_media":0,"parent":0,"menu_order":0,"comment_status":"closed","ping_status":"closed","template":"","meta":{"_price":"","_stock":"","_tribe_ticket_header":"","_tribe_default_ticket_provider":"","_tribe_ticket_capacity":"0","_ticket_start_date":"","_ticket_end_date":"","_tribe_ticket_show_description":"","_tribe_ticket_show_not_going":false,"_tribe_ticket_use_global_stock":"","_tribe_ticket_global_stock_level":"","_global_stock_mode":"","_global_stock_cap":"","_tribe_rsvp_for_event":"","_tribe_ticket_going_count":"","_tribe_ticket_not_going_count":"","_tribe_tickets_list":"[]","_tribe_ticket_has_attendee_info_fields":false,"footnotes":""},"class_list":["post-141","page","type-page","status-publish","czr-hentry"],"_links":{"self":[{"href":"https:\/\/www.maisondesfamilles-limousin.fr\/index.php\/wp-json\/wp\/v2\/pages\/141","targetHints":{"allow":["GET"]}}],"collection":[{"href":"https:\/\/www.maisondesfamilles-limousin.fr\/index.php\/wp-json\/wp\/v2\/pages"}],"about":[{"href":"https:\/\/www.maisondesfamilles-limousin.fr\/index.php\/wp-json\/wp\/v2\/types\/page"}],"author":[{"embeddable":true,"href":"https:\/\/www.maisondesfamilles-limousin.fr\/index.php\/wp-json\/wp\/v2\/users\/1"}],"replies":[{"embeddable":true,"href":"https:\/\/www.maisondesfamilles-limousin.fr\/index.php\/wp-json\/wp\/v2\/comments?post=141"}],"version-history":[{"count":2,"href":"https:\/\/www.maisondesfamilles-limousin.fr\/index.php\/wp-json\/wp\/v2\/pages\/141\/revisions"}],"predecessor-version":[{"id":167,"href":"https:\/\/www.maisondesfamilles-limousin.fr\/index.php\/wp-json\/wp\/v2\/pages\/141\/revisions\/167"}],"wp:attachment":[{"href":"https:\/\/www.maisondesfamilles-limousin.fr\/index.php\/wp-json\/wp\/v2\/media?parent=141"}],"curies":[{"name":"wp","href":"https:\/\/api.w.org\/{rel}","templated":true}]}}