{"id":145,"date":"2025-09-20T23:03:49","date_gmt":"2025-09-20T21:03:49","guid":{"rendered":"http:\/\/www.maisondesfamilles-limousin.fr\/?page_id=145"},"modified":"2025-09-21T17:35:53","modified_gmt":"2025-09-21T15:35:53","slug":"orientation-scolaire","status":"publish","type":"page","link":"https:\/\/www.maisondesfamilles-limousin.fr\/index.php\/orientation-scolaire\/","title":{"rendered":"Orientation scolaire"},"content":{"rendered":"\n<div class=\"wp-block-media-text is-stacked-on-mobile\"><figure class=\"wp-block-media-text__media\"><img loading=\"lazy\" decoding=\"async\" width=\"1024\" height=\"683\" src=\"https:\/\/www.maisondesfamilles-limousin.fr\/wp-content\/uploads\/2025\/09\/Orientation-scolaire-1024x683.jpg\" alt=\"\" class=\"wp-image-187 size-full\" srcset=\"https:\/\/www.maisondesfamilles-limousin.fr\/wp-content\/uploads\/2025\/09\/Orientation-scolaire-1024x683.jpg 1024w, https:\/\/www.maisondesfamilles-limousin.fr\/wp-content\/uploads\/2025\/09\/Orientation-scolaire-300x200.jpg 300w, https:\/\/www.maisondesfamilles-limousin.fr\/wp-content\/uploads\/2025\/09\/Orientation-scolaire-768x512.jpg 768w\" sizes=\"auto, (max-width: 1024px) 100vw, 1024px\" \/><\/figure><div class=\"wp-block-media-text__content\">\n<p class=\"has-text-align-center\"><strong>Un accompagnement pour \u00e9clairer vos choix scolaires<\/strong><\/p>\n\n\n\n<p class=\"has-text-align-center\">Au sein de la Maison des Familles, des b\u00e9n\u00e9voles sont \u00e0 votre \u00e9coute pour vous aider \u00e0 clarifier votre situation scolaire et \u00e0 envisager les diff\u00e9rentes possibilit\u00e9s qui s\u2019offrent \u00e0 vous.<\/p>\n<\/div><\/div>\n\n\n\n<p><strong>Pourquoi consulter\u202f?<\/strong><br>Vous ou votre enfant vous interrogez sur une orientation, une r\u00e9orientation ou un choix d\u2019\u00e9tudes\u202f?<br>Nos b\u00e9n\u00e9voles vous proposent\u202f:<\/p>\n\n\n\n<ul class=\"wp-block-list\">\n<li>Un temps d\u2019\u00e9coute et de dialogue pour mieux comprendre vos besoins et vos attentes,<\/li>\n\n\n\n<li>Un accompagnement personnalis\u00e9 pour explorer les diff\u00e9rentes voies possibles,<\/li>\n\n\n\n<li>Une orientation, si besoin, vers des professionnels ou des structures sp\u00e9cialis\u00e9es.<\/li>\n<\/ul>\n\n\n\n<p><strong>Comment \u00e7a se passe\u202f?<\/strong><br>Dans un cadre bienveillant et confidentiel, vous pouvez poser vos questions, exprimer vos doutes et b\u00e9n\u00e9ficier de conseils adapt\u00e9s \u00e0 votre situation.<\/p>\n\n\n\n<p><strong>N\u2019h\u00e9sitez pas \u00e0 solliciter cet accompagnement\u202f: un \u00e9change peut vous aider \u00e0 avancer sereinement dans vos choix scolaires.<\/strong><\/p>\n","protected":false},"excerpt":{"rendered":"<p>Un accompagnement pour \u00e9clairer vos choix scolaires Au sein de la Maison des Familles, des b\u00e9n\u00e9voles sont \u00e0 votre \u00e9coute pour vous aider \u00e0 clarifier votre situation scolaire et \u00e0 [&hellip;]<\/p>\n","protected":false},"author":1,"featured_media":0,"parent":0,"menu_order":0,"comment_status":"closed","ping_status":"closed","template":"","meta":{"_price":"","_stock":"","_tribe_ticket_header":"","_tribe_default_ticket_provider":"","_tribe_ticket_capacity":"0","_ticket_start_date":"","_ticket_end_date":"","_tribe_ticket_show_description":"","_tribe_ticket_show_not_going":false,"_tribe_ticket_use_global_stock":"","_tribe_ticket_global_stock_level":"","_global_stock_mode":"","_global_stock_cap":"","_tribe_rsvp_for_event":"","_tribe_ticket_going_count":"","_tribe_ticket_not_going_count":"","_tribe_tickets_list":"[]","_tribe_ticket_has_attendee_info_fields":false,"footnotes":""},"class_list":["post-145","page","type-page","status-publish","czr-hentry"],"_links":{"self":[{"href":"https:\/\/www.maisondesfamilles-limousin.fr\/index.php\/wp-json\/wp\/v2\/pages\/145","targetHints":{"allow":["GET"]}}],"collection":[{"href":"https:\/\/www.maisondesfamilles-limousin.fr\/index.php\/wp-json\/wp\/v2\/pages"}],"about":[{"href":"https:\/\/www.maisondesfamilles-limousin.fr\/index.php\/wp-json\/wp\/v2\/types\/page"}],"author":[{"embeddable":true,"href":"https:\/\/www.maisondesfamilles-limousin.fr\/index.php\/wp-json\/wp\/v2\/users\/1"}],"replies":[{"embeddable":true,"href":"https:\/\/www.maisondesfamilles-limousin.fr\/index.php\/wp-json\/wp\/v2\/comments?post=145"}],"version-history":[{"count":4,"href":"https:\/\/www.maisondesfamilles-limousin.fr\/index.php\/wp-json\/wp\/v2\/pages\/145\/revisions"}],"predecessor-version":[{"id":188,"href":"https:\/\/www.maisondesfamilles-limousin.fr\/index.php\/wp-json\/wp\/v2\/pages\/145\/revisions\/188"}],"wp:attachment":[{"href":"https:\/\/www.maisondesfamilles-limousin.fr\/index.php\/wp-json\/wp\/v2\/media?parent=145"}],"curies":[{"name":"wp","href":"https:\/\/api.w.org\/{rel}","templated":true}]}}