{"id":149,"date":"2025-09-20T23:04:38","date_gmt":"2025-09-20T21:04:38","guid":{"rendered":"http:\/\/www.maisondesfamilles-limousin.fr\/?page_id=149"},"modified":"2025-09-21T17:16:15","modified_gmt":"2025-09-21T15:16:15","slug":"soutien-scolaire","status":"publish","type":"page","link":"https:\/\/www.maisondesfamilles-limousin.fr\/index.php\/soutien-scolaire\/","title":{"rendered":"Soutien scolaire"},"content":{"rendered":"\n<div class=\"wp-block-media-text is-stacked-on-mobile\"><figure class=\"wp-block-media-text__media\"><img loading=\"lazy\" decoding=\"async\" width=\"1024\" height=\"683\" src=\"https:\/\/www.maisondesfamilles-limousin.fr\/wp-content\/uploads\/2025\/09\/Soutien-scolaire-1024x683.jpg\" alt=\"\" class=\"wp-image-181 size-full\" srcset=\"https:\/\/www.maisondesfamilles-limousin.fr\/wp-content\/uploads\/2025\/09\/Soutien-scolaire-1024x683.jpg 1024w, https:\/\/www.maisondesfamilles-limousin.fr\/wp-content\/uploads\/2025\/09\/Soutien-scolaire-300x200.jpg 300w, https:\/\/www.maisondesfamilles-limousin.fr\/wp-content\/uploads\/2025\/09\/Soutien-scolaire-768x512.jpg 768w\" sizes=\"auto, (max-width: 1024px) 100vw, 1024px\" \/><\/figure><div class=\"wp-block-media-text__content\">\n<p class=\"has-text-align-center\"><strong>Un accompagnement personnalis\u00e9 pour progresser \u00e0 l\u2019\u00e9cole<\/strong><\/p>\n\n\n\n<p class=\"has-text-align-center\">Au sein de la Maison des Familles, des b\u00e9n\u00e9voles proposent un soutien scolaire adapt\u00e9 aux besoins de chaque \u00e9l\u00e8ve, dans un cadre bienveillant et encourageant.<\/p>\n<\/div><\/div>\n\n\n\n<p><strong>Pourquoi solliciter le soutien scolaire\u202f?<\/strong><br>Votre enfant rencontre des difficult\u00e9s dans certaines mati\u00e8res ou a besoin de reprendre confiance en lui\u202f?<br>Le soutien scolaire permet de\u202f:<\/p>\n\n\n\n<ul class=\"wp-block-list\">\n<li>Revoir les notions incomprises,<\/li>\n\n\n\n<li>Acqu\u00e9rir des m\u00e9thodes de travail efficaces,<\/li>\n\n\n\n<li>Renforcer la motivation et l\u2019autonomie,<\/li>\n\n\n\n<li>Progresser \u00e0 son rythme, dans le respect de ses besoins.<\/li>\n<\/ul>\n\n\n\n<p><strong>Comment \u00e7a se passe\u202f?<\/strong><br>Les s\u00e9ances de soutien sont assur\u00e9es par des b\u00e9n\u00e9voles, en petits groupes ou en accompagnement individuel, selon les besoins.<br>Chaque \u00e9l\u00e8ve b\u00e9n\u00e9ficie d\u2019une \u00e9coute attentive et de conseils personnalis\u00e9s pour l\u2019aider \u00e0 surmonter ses difficult\u00e9s scolaires.<\/p>\n\n\n\n<p><strong>N\u2019h\u00e9sitez pas \u00e0 faire appel \u00e0 ce service\u202f: un accompagnement r\u00e9gulier peut faire toute la diff\u00e9rence dans la r\u00e9ussite scolaire.<\/strong><\/p>\n","protected":false},"excerpt":{"rendered":"<p>Un accompagnement personnalis\u00e9 pour progresser \u00e0 l\u2019\u00e9cole Au sein de la Maison des Familles, des b\u00e9n\u00e9voles proposent un soutien scolaire adapt\u00e9 aux besoins de chaque \u00e9l\u00e8ve, dans un cadre bienveillant [&hellip;]<\/p>\n","protected":false},"author":1,"featured_media":0,"parent":0,"menu_order":0,"comment_status":"closed","ping_status":"closed","template":"","meta":{"_price":"","_stock":"","_tribe_ticket_header":"","_tribe_default_ticket_provider":"","_tribe_ticket_capacity":"0","_ticket_start_date":"","_ticket_end_date":"","_tribe_ticket_show_description":"","_tribe_ticket_show_not_going":false,"_tribe_ticket_use_global_stock":"","_tribe_ticket_global_stock_level":"","_global_stock_mode":"","_global_stock_cap":"","_tribe_rsvp_for_event":"","_tribe_ticket_going_count":"","_tribe_ticket_not_going_count":"","_tribe_tickets_list":"[]","_tribe_ticket_has_attendee_info_fields":false,"footnotes":""},"class_list":["post-149","page","type-page","status-publish","czr-hentry"],"_links":{"self":[{"href":"https:\/\/www.maisondesfamilles-limousin.fr\/index.php\/wp-json\/wp\/v2\/pages\/149","targetHints":{"allow":["GET"]}}],"collection":[{"href":"https:\/\/www.maisondesfamilles-limousin.fr\/index.php\/wp-json\/wp\/v2\/pages"}],"about":[{"href":"https:\/\/www.maisondesfamilles-limousin.fr\/index.php\/wp-json\/wp\/v2\/types\/page"}],"author":[{"embeddable":true,"href":"https:\/\/www.maisondesfamilles-limousin.fr\/index.php\/wp-json\/wp\/v2\/users\/1"}],"replies":[{"embeddable":true,"href":"https:\/\/www.maisondesfamilles-limousin.fr\/index.php\/wp-json\/wp\/v2\/comments?post=149"}],"version-history":[{"count":4,"href":"https:\/\/www.maisondesfamilles-limousin.fr\/index.php\/wp-json\/wp\/v2\/pages\/149\/revisions"}],"predecessor-version":[{"id":182,"href":"https:\/\/www.maisondesfamilles-limousin.fr\/index.php\/wp-json\/wp\/v2\/pages\/149\/revisions\/182"}],"wp:attachment":[{"href":"https:\/\/www.maisondesfamilles-limousin.fr\/index.php\/wp-json\/wp\/v2\/media?parent=149"}],"curies":[{"name":"wp","href":"https:\/\/api.w.org\/{rel}","templated":true}]}}