{"id":154,"date":"2025-09-20T23:11:49","date_gmt":"2025-09-20T21:11:49","guid":{"rendered":"http:\/\/www.maisondesfamilles-limousin.fr\/?page_id=154"},"modified":"2025-09-24T14:00:00","modified_gmt":"2025-09-24T12:00:00","slug":"groupe-de-parole","status":"publish","type":"page","link":"https:\/\/www.maisondesfamilles-limousin.fr\/index.php\/groupe-de-parole\/","title":{"rendered":"Groupe de parole"},"content":{"rendered":"\n<div class=\"wp-block-media-text is-stacked-on-mobile\"><figure class=\"wp-block-media-text__media\"><img loading=\"lazy\" decoding=\"async\" width=\"1024\" height=\"768\" src=\"https:\/\/www.maisondesfamilles-limousin.fr\/wp-content\/uploads\/2025\/09\/Groupe-de-parole-1-1024x768.jpg\" alt=\"\" class=\"wp-image-331 size-full\" srcset=\"https:\/\/www.maisondesfamilles-limousin.fr\/wp-content\/uploads\/2025\/09\/Groupe-de-parole-1-1024x768.jpg 1024w, https:\/\/www.maisondesfamilles-limousin.fr\/wp-content\/uploads\/2025\/09\/Groupe-de-parole-1-300x225.jpg 300w, https:\/\/www.maisondesfamilles-limousin.fr\/wp-content\/uploads\/2025\/09\/Groupe-de-parole-1-768x576.jpg 768w\" sizes=\"auto, (max-width: 1024px) 100vw, 1024px\" \/><\/figure><div class=\"wp-block-media-text__content\">\n<p><strong>Un espace pour s\u2019exprimer et partager en toute confiance<\/strong><\/p>\n\n\n\n<p>La Maison des Familles propose des groupes de parole, ouverts \u00e0 toutes les personnes souhaitant \u00e9changer, partager leurs exp\u00e9riences et se soutenir mutuellement dans un cadre bienveillant et confidentiel.<\/p>\n<\/div><\/div>\n\n\n\n<p><strong>Pourquoi participer \u00e0 un groupe de parole\u202f?<\/strong><\/p>\n\n\n\n<ul class=\"wp-block-list\">\n<li>Rompre l\u2019isolement et se sentir \u00e9cout\u00e9(e),<\/li>\n\n\n\n<li>Partager ses difficult\u00e9s, ses questionnements ou ses r\u00e9ussites,<\/li>\n\n\n\n<li>B\u00e9n\u00e9ficier du soutien et de l\u2019exp\u00e9rience d\u2019autres personnes,<\/li>\n\n\n\n<li>Prendre du recul et trouver de nouvelles pistes pour avancer.<\/li>\n<\/ul>\n\n\n\n<p><strong>Comment \u00e7a se passe\u202f?<\/strong><br>Les groupes de parole sont anim\u00e9s par un professionnel ou un b\u00e9n\u00e9vole form\u00e9 \u00e0 l\u2019\u00e9coute.<br>Chacun est libre de s\u2019exprimer, d\u2019\u00e9couter ou simplement d\u2019\u00eatre pr\u00e9sent, dans le respect de la parole de tous.<\/p>\n\n\n\n<p><strong>Rejoindre un groupe de parole, c\u2019est s\u2019offrir un temps pour soi, pour avancer et se sentir soutenu(e) dans les moments importants de la vie.<\/strong><\/p>\n","protected":false},"excerpt":{"rendered":"<p>Un espace pour s\u2019exprimer et partager en toute confiance La Maison des Familles propose des groupes de parole, ouverts \u00e0 toutes les personnes souhaitant \u00e9changer, partager leurs exp\u00e9riences et se [&hellip;]<\/p>\n","protected":false},"author":1,"featured_media":0,"parent":0,"menu_order":0,"comment_status":"closed","ping_status":"closed","template":"","meta":{"_price":"","_stock":"","_tribe_ticket_header":"","_tribe_default_ticket_provider":"","_tribe_ticket_capacity":"0","_ticket_start_date":"","_ticket_end_date":"","_tribe_ticket_show_description":"","_tribe_ticket_show_not_going":false,"_tribe_ticket_use_global_stock":"","_tribe_ticket_global_stock_level":"","_global_stock_mode":"","_global_stock_cap":"","_tribe_rsvp_for_event":"","_tribe_ticket_going_count":"","_tribe_ticket_not_going_count":"","_tribe_tickets_list":"[]","_tribe_ticket_has_attendee_info_fields":false,"footnotes":""},"class_list":["post-154","page","type-page","status-publish","czr-hentry"],"_links":{"self":[{"href":"https:\/\/www.maisondesfamilles-limousin.fr\/index.php\/wp-json\/wp\/v2\/pages\/154","targetHints":{"allow":["GET"]}}],"collection":[{"href":"https:\/\/www.maisondesfamilles-limousin.fr\/index.php\/wp-json\/wp\/v2\/pages"}],"about":[{"href":"https:\/\/www.maisondesfamilles-limousin.fr\/index.php\/wp-json\/wp\/v2\/types\/page"}],"author":[{"embeddable":true,"href":"https:\/\/www.maisondesfamilles-limousin.fr\/index.php\/wp-json\/wp\/v2\/users\/1"}],"replies":[{"embeddable":true,"href":"https:\/\/www.maisondesfamilles-limousin.fr\/index.php\/wp-json\/wp\/v2\/comments?post=154"}],"version-history":[{"count":5,"href":"https:\/\/www.maisondesfamilles-limousin.fr\/index.php\/wp-json\/wp\/v2\/pages\/154\/revisions"}],"predecessor-version":[{"id":332,"href":"https:\/\/www.maisondesfamilles-limousin.fr\/index.php\/wp-json\/wp\/v2\/pages\/154\/revisions\/332"}],"wp:attachment":[{"href":"https:\/\/www.maisondesfamilles-limousin.fr\/index.php\/wp-json\/wp\/v2\/media?parent=154"}],"curies":[{"name":"wp","href":"https:\/\/api.w.org\/{rel}","templated":true}]}}