{"id":26,"date":"2025-09-18T22:13:05","date_gmt":"2025-09-18T20:13:05","guid":{"rendered":"http:\/\/maisotx.cluster021.hosting.ovh.net\/?page_id=26"},"modified":"2025-09-27T15:18:50","modified_gmt":"2025-09-27T13:18:50","slug":"le-projet","status":"publish","type":"page","link":"https:\/\/www.maisondesfamilles-limousin.fr\/index.php\/le-projet\/","title":{"rendered":"Le projet"},"content":{"rendered":"\n<div class=\"wp-block-media-text is-stacked-on-mobile\"><figure class=\"wp-block-media-text__media\"><img loading=\"lazy\" decoding=\"async\" width=\"850\" height=\"686\" src=\"https:\/\/www.maisondesfamilles-limousin.fr\/wp-content\/uploads\/2025\/09\/Le-projet.png\" alt=\"\" class=\"wp-image-333 size-full\" srcset=\"https:\/\/www.maisondesfamilles-limousin.fr\/wp-content\/uploads\/2025\/09\/Le-projet.png 850w, https:\/\/www.maisondesfamilles-limousin.fr\/wp-content\/uploads\/2025\/09\/Le-projet-300x242.png 300w, https:\/\/www.maisondesfamilles-limousin.fr\/wp-content\/uploads\/2025\/09\/Le-projet-768x620.png 768w\" sizes=\"auto, (max-width: 850px) 100vw, 850px\" \/><\/figure><div class=\"wp-block-media-text__content\">\n<p class=\"has-text-align-center\">La Maison des Familles est une association loi 1901, cr\u00e9\u00e9e \u00e0 l\u2019initiative du dioc\u00e8se de Limoges, de l\u2019enseignement catholique et de la pastorale familiale.<\/p>\n\n\n\n<p class=\"has-text-align-center\">Ce lieu est un lieu-ressource, d\u2019accueil et d\u2019accompagnement, au service de tous dans les domaines de la construction de soi, de la conjugalit\u00e9 et de la parentalit\u00e9, selon l\u2019anthropologie chr\u00e9tienne.<\/p>\n<\/div><\/div>\n\n\n\n<p>Les missions de la Maison des Familles sont :<\/p>\n\n\n\n<ul class=\"wp-block-list\">\n<li>d\u2019accueillir et accompagner les jeunes et les familles dans leur vie relationnelle et affective,<\/li>\n\n\n\n<li>d\u2019aider les couples \u00e0 faire grandir l\u2019amour conjugal,<\/li>\n\n\n\n<li>de soutenir les parents, premiers et principaux \u00e9ducateurs de leurs enfants \u00e0 chaque \u00e9tape de la vie,<\/li>\n\n\n\n<li>d\u2019apprendre \u00e0 toute personne \u00e0 mieux se conna\u00eetre pour construire une bonne estime de soi et prendre sa juste place dans la soci\u00e9t\u00e9.<\/li>\n<\/ul>\n\n\n\n<p>Nous mettons en \u0153uvre un \u00e9ventail de propositions, centr\u00e9es sur la qualit\u00e9 des relations, \u00e0 tous les \u00e2ges et \u00e0 toutes les \u00e9tapes majeures de la vie. Ces propositions sont en particulier orient\u00e9es vers un appui aux relations affectives, conjugales, parentales et familiales.<\/p>\n\n\n\n<p><\/p>\n","protected":false},"excerpt":{"rendered":"<p>La Maison des Familles est une association loi 1901, cr\u00e9\u00e9e \u00e0 l\u2019initiative du dioc\u00e8se de Limoges, de l\u2019enseignement catholique et de la pastorale familiale. Ce lieu est un lieu-ressource, d\u2019accueil [&hellip;]<\/p>\n","protected":false},"author":1,"featured_media":333,"parent":0,"menu_order":0,"comment_status":"closed","ping_status":"closed","template":"","meta":{"_price":"","_stock":"","_tribe_ticket_header":"","_tribe_default_ticket_provider":"","_tribe_ticket_capacity":"0","_ticket_start_date":"","_ticket_end_date":"","_tribe_ticket_show_description":"","_tribe_ticket_show_not_going":false,"_tribe_ticket_use_global_stock":"","_tribe_ticket_global_stock_level":"","_global_stock_mode":"","_global_stock_cap":"","_tribe_rsvp_for_event":"","_tribe_ticket_going_count":"","_tribe_ticket_not_going_count":"","_tribe_tickets_list":"[]","_tribe_ticket_has_attendee_info_fields":false,"footnotes":""},"class_list":["post-26","page","type-page","status-publish","has-post-thumbnail","czr-hentry"],"_links":{"self":[{"href":"https:\/\/www.maisondesfamilles-limousin.fr\/index.php\/wp-json\/wp\/v2\/pages\/26","targetHints":{"allow":["GET"]}}],"collection":[{"href":"https:\/\/www.maisondesfamilles-limousin.fr\/index.php\/wp-json\/wp\/v2\/pages"}],"about":[{"href":"https:\/\/www.maisondesfamilles-limousin.fr\/index.php\/wp-json\/wp\/v2\/types\/page"}],"author":[{"embeddable":true,"href":"https:\/\/www.maisondesfamilles-limousin.fr\/index.php\/wp-json\/wp\/v2\/users\/1"}],"replies":[{"embeddable":true,"href":"https:\/\/www.maisondesfamilles-limousin.fr\/index.php\/wp-json\/wp\/v2\/comments?post=26"}],"version-history":[{"count":9,"href":"https:\/\/www.maisondesfamilles-limousin.fr\/index.php\/wp-json\/wp\/v2\/pages\/26\/revisions"}],"predecessor-version":[{"id":370,"href":"https:\/\/www.maisondesfamilles-limousin.fr\/index.php\/wp-json\/wp\/v2\/pages\/26\/revisions\/370"}],"wp:featuredmedia":[{"embeddable":true,"href":"https:\/\/www.maisondesfamilles-limousin.fr\/index.php\/wp-json\/wp\/v2\/media\/333"}],"wp:attachment":[{"href":"https:\/\/www.maisondesfamilles-limousin.fr\/index.php\/wp-json\/wp\/v2\/media?parent=26"}],"curies":[{"name":"wp","href":"https:\/\/api.w.org\/{rel}","templated":true}]}}