{"id":59,"date":"2025-09-18T22:55:31","date_gmt":"2025-09-18T20:55:31","guid":{"rendered":"http:\/\/maisotx.cluster021.hosting.ovh.net\/?page_id=59"},"modified":"2025-09-24T14:18:41","modified_gmt":"2025-09-24T12:18:41","slug":"nos-valeurs","status":"publish","type":"page","link":"https:\/\/www.maisondesfamilles-limousin.fr\/index.php\/nos-valeurs\/","title":{"rendered":"Nos valeurs"},"content":{"rendered":"\n<div class=\"wp-block-media-text is-stacked-on-mobile\"><figure  class=\"wp-block-media-text__media\"><img loading=\"lazy\" decoding=\"async\" width=\"2560\" height=\"1441\" alt=\"\" src=\"https:\/\/www.maisondesfamilles-limousin.fr\/wp-content\/uploads\/2025\/09\/Nos-valeurs.jpg\" class=\"wp-image-65 size-full\" srcset=\"https:\/\/www.maisondesfamilles-limousin.fr\/wp-content\/uploads\/2025\/09\/Nos-valeurs.jpg 2560w, https:\/\/www.maisondesfamilles-limousin.fr\/wp-content\/uploads\/2025\/09\/Nos-valeurs-300x169.jpg 300w, https:\/\/www.maisondesfamilles-limousin.fr\/wp-content\/uploads\/2025\/09\/Nos-valeurs-1024x576.jpg 1024w, https:\/\/www.maisondesfamilles-limousin.fr\/wp-content\/uploads\/2025\/09\/Nos-valeurs-768x432.jpg 768w, https:\/\/www.maisondesfamilles-limousin.fr\/wp-content\/uploads\/2025\/09\/Nos-valeurs-1536x865.jpg 1536w, https:\/\/www.maisondesfamilles-limousin.fr\/wp-content\/uploads\/2025\/09\/Nos-valeurs-2048x1153.jpg 2048w, https:\/\/www.maisondesfamilles-limousin.fr\/wp-content\/uploads\/2025\/09\/Nos-valeurs-1110x624.jpg 1110w, https:\/\/www.maisondesfamilles-limousin.fr\/wp-content\/uploads\/2025\/09\/Nos-valeurs-528x297.jpg 528w\" sizes=\"auto, (max-width: 2560px) 100vw, 2560px\" \/><\/figure><div class=\"wp-block-media-text__content\">\n<p>Intimement convaincus que nous sommes tous des cr\u00e9atures voulues et aim\u00e9es par Dieu, les intervenants de la Maison des Familles basent chacune de leurs interventions sur :<\/p>\n\n\n\n<ul class=\"wp-block-list\">\n<li><\/li>\n<\/ul>\n\n\n\n<ul class=\"wp-block-list\">\n<li>une vision du monde qui s\u2019enracine dans les grands principes de la doctrine sociale de l\u2019Eglise.<\/li>\n\n\n\n<li>un accueil personnalis\u00e9, chaleureux et inconditionnel,<\/li>\n\n\n\n<li>un regard int\u00e9gral pos\u00e9 sur chaque personne accueillie et consid\u00e9r\u00e9e dans ses trois dimensions corps, c\u0153ur et esprit,<\/li>\n\n\n\n<li>une humilit\u00e9 profonde, propice \u00e0 la cr\u00e9ation de liens ajust\u00e9es et permettant de se pr\u00e9munir d\u2019un sentiment de toute puissance,<\/li>\n\n\n\n<li>un professionnalisme, issu de formations initiales et continues et permettant de donner le meilleur de soi-m\u00eame,<\/li>\n<\/ul>\n<\/div><\/div>\n\n\n\n<p><\/p>\n","protected":false},"excerpt":{"rendered":"","protected":false},"author":1,"featured_media":65,"parent":0,"menu_order":0,"comment_status":"closed","ping_status":"closed","template":"","meta":{"_price":"","_stock":"","_tribe_ticket_header":"","_tribe_default_ticket_provider":"","_tribe_ticket_capacity":"0","_ticket_start_date":"","_ticket_end_date":"","_tribe_ticket_show_description":"","_tribe_ticket_show_not_going":false,"_tribe_ticket_use_global_stock":"","_tribe_ticket_global_stock_level":"","_global_stock_mode":"","_global_stock_cap":"","_tribe_rsvp_for_event":"","_tribe_ticket_going_count":"","_tribe_ticket_not_going_count":"","_tribe_tickets_list":"[]","_tribe_ticket_has_attendee_info_fields":false,"footnotes":""},"class_list":["post-59","page","type-page","status-publish","has-post-thumbnail","czr-hentry"],"_links":{"self":[{"href":"https:\/\/www.maisondesfamilles-limousin.fr\/index.php\/wp-json\/wp\/v2\/pages\/59","targetHints":{"allow":["GET"]}}],"collection":[{"href":"https:\/\/www.maisondesfamilles-limousin.fr\/index.php\/wp-json\/wp\/v2\/pages"}],"about":[{"href":"https:\/\/www.maisondesfamilles-limousin.fr\/index.php\/wp-json\/wp\/v2\/types\/page"}],"author":[{"embeddable":true,"href":"https:\/\/www.maisondesfamilles-limousin.fr\/index.php\/wp-json\/wp\/v2\/users\/1"}],"replies":[{"embeddable":true,"href":"https:\/\/www.maisondesfamilles-limousin.fr\/index.php\/wp-json\/wp\/v2\/comments?post=59"}],"version-history":[{"count":5,"href":"https:\/\/www.maisondesfamilles-limousin.fr\/index.php\/wp-json\/wp\/v2\/pages\/59\/revisions"}],"predecessor-version":[{"id":335,"href":"https:\/\/www.maisondesfamilles-limousin.fr\/index.php\/wp-json\/wp\/v2\/pages\/59\/revisions\/335"}],"wp:featuredmedia":[{"embeddable":true,"href":"https:\/\/www.maisondesfamilles-limousin.fr\/index.php\/wp-json\/wp\/v2\/media\/65"}],"wp:attachment":[{"href":"https:\/\/www.maisondesfamilles-limousin.fr\/index.php\/wp-json\/wp\/v2\/media?parent=59"}],"curies":[{"name":"wp","href":"https:\/\/api.w.org\/{rel}","templated":true}]}}